{"id":2014,"date":"2025-03-12T02:01:01","date_gmt":"2025-03-12T02:01:01","guid":{"rendered":"https:\/\/anavellano.com\/var\/www\/vhosts\/anavellano.comhttpdocs\/about-us\/"},"modified":"2025-09-05T22:41:05","modified_gmt":"2025-09-05T22:41:05","slug":"moda-sostenible-elegante","status":"publish","type":"page","link":"https:\/\/anavellano.com\/var\/www\/vhosts\/anavellano.comhttpdocs\/moda-sostenible-elegante\/","title":{"rendered":"Sobre Nosotros"},"content":{"rendered":"\t\t<div data-elementor-type=\"wp-page\" data-elementor-id=\"2014\" class=\"elementor elementor-2014\" data-elementor-post-type=\"page\">\n\t\t\t\t<div class=\"elementor-element elementor-element-576916f e-flex e-con-boxed e-con e-parent\" data-id=\"576916f\" data-element_type=\"container\" data-settings=\"{&quot;background_background&quot;:&quot;classic&quot;}\">\n\t\t\t\t\t<div class=\"e-con-inner\">\n\t\t<div class=\"elementor-element elementor-element-9dbd73e e-con-full e-flex e-con e-child\" data-id=\"9dbd73e\" data-element_type=\"container\">\n\t\t\t\t<div class=\"elementor-element elementor-element-b4ad8cf elementor-widget elementor-widget-heading\" data-id=\"b4ad8cf\" data-element_type=\"widget\" data-widget_type=\"heading.default\">\n\t\t\t\t<div class=\"elementor-widget-container\">\n\t\t\t\t\t<h1 class=\"elementor-heading-title elementor-size-default\">Sobre Nosotros<\/h1>\t\t\t\t<\/div>\n\t\t\t\t<\/div>\n\t\t\t\t<\/div>\n\t\t\t\t\t<\/div>\n\t\t\t\t<\/div>\n\t\t<div class=\"elementor-element elementor-element-5898f86 e-flex e-con-boxed e-con e-parent\" data-id=\"5898f86\" data-element_type=\"container\">\n\t\t\t\t\t<div class=\"e-con-inner\">\n\t\t<div class=\"elementor-element elementor-element-a471c7a e-con-full e-flex e-con e-child\" data-id=\"a471c7a\" data-element_type=\"container\">\n\t\t\t\t<div class=\"elementor-element elementor-element-602b490 elementor-widget elementor-widget-heading\" data-id=\"602b490\" data-element_type=\"widget\" data-widget_type=\"heading.default\">\n\t\t\t\t<div class=\"elementor-widget-container\">\n\t\t\t\t\t<h2 class=\"elementor-heading-title elementor-size-default\">Moda sostenible y elegante en Pontevedra: El Nacimiento de Ana Vellano Moda y Complementos<\/h2>\t\t\t\t<\/div>\n\t\t\t\t<\/div>\n\t\t\t\t<\/div>\n\t\t<div class=\"elementor-element elementor-element-3f51f8d e-con-full e-flex e-con e-child\" data-id=\"3f51f8d\" data-element_type=\"container\">\n\t\t\t\t<div class=\"elementor-element elementor-element-310a9d8 elementor-widget elementor-widget-heading\" data-id=\"310a9d8\" data-element_type=\"widget\" data-widget_type=\"heading.default\">\n\t\t\t\t<div class=\"elementor-widget-container\">\n\t\t\t\t\t<h6 class=\"elementor-heading-title elementor-size-default\">Nuestra Historia<\/h6>\t\t\t\t<\/div>\n\t\t\t\t<\/div>\n\t\t\t\t<div class=\"elementor-element elementor-element-9bfd3ac elementor-widget elementor-widget-image-box\" data-id=\"9bfd3ac\" data-element_type=\"widget\" data-widget_type=\"image-box.default\">\n\t\t\t\t<div class=\"elementor-widget-container\">\n\t\t\t\t\t<div class=\"elementor-image-box-wrapper\"><div class=\"elementor-image-box-content\"><p class=\"elementor-image-box-description\">\\Ana Vellano Moda y Complementos naci\u00f3 con una misi\u00f3n clara: ofrecer a cada mujer una Moda sostenible y elegante en Pontevedra que refleje su esencia y personalidad. Inspirados en la elegancia y la versatilidad, hemos creado una colecci\u00f3n que combina tendencias actuales con el estilo atemporal, apostando por materiales responsables y procesos \u00e9ticos. Desde nuestros inicios hasta convertirnos en una tienda online de referencia, cada paso ha sido un compromiso con la calidad y la satisfacci\u00f3n de nuestras clientas.<\/p><\/div><\/div>\t\t\t\t<\/div>\n\t\t\t\t<\/div>\n\t\t\t\t<\/div>\n\t\t<div class=\"elementor-element elementor-element-e92d08f e-con-full e-flex e-con e-child\" data-id=\"e92d08f\" data-element_type=\"container\">\n\t\t\t\t<div class=\"elementor-element elementor-element-fcc7a1f elementor-widget elementor-widget-image-box\" data-id=\"fcc7a1f\" data-element_type=\"widget\" data-widget_type=\"image-box.default\">\n\t\t\t\t<div class=\"elementor-widget-container\">\n\t\t\t\t\t<div class=\"elementor-image-box-wrapper\"><div class=\"elementor-image-box-content\"><h2 class=\"elementor-image-box-title\">Compromiso con la Calidad<\/h2><p class=\"elementor-image-box-description\">Entendemos que la moda es una extensi\u00f3n de qui\u00e9n eres, por eso cada prenda de Ana Vellano Moda y Complementos est\u00e1 confeccionada con materiales de alta calidad, seleccionados cuidadosamente por su durabilidad, comodidad y dise\u00f1o. Nuestras piezas pasan por estrictos controles de calidad para garantizar que cada detalle sea impecable. Comprar en Ana Vellano Moda y Complementos significa elegir moda que te har\u00e1 lucir incre\u00edble hoy y seguir\u00e1 siendo parte de tu estilo por mucho tiempo.<\/p><\/div><\/div>\t\t\t\t<\/div>\n\t\t\t\t<\/div>\n\t\t\t\t<\/div>\n\t\t\t\t\t<\/div>\n\t\t\t\t<\/div>\n\t\t<div class=\"elementor-element elementor-element-bdafa3c e-flex e-con-boxed e-con e-parent\" data-id=\"bdafa3c\" data-element_type=\"container\" data-settings=\"{&quot;background_background&quot;:&quot;classic&quot;}\">\n\t\t\t\t\t<div class=\"e-con-inner\">\n\t\t<div class=\"elementor-element elementor-element-f643276 e-con-full e-flex e-con e-child\" data-id=\"f643276\" data-element_type=\"container\">\n\t\t\t\t<div class=\"elementor-element elementor-element-1cf2f8a elementor-widget elementor-widget-image-box\" data-id=\"1cf2f8a\" data-element_type=\"widget\" data-widget_type=\"image-box.default\">\n\t\t\t\t<div class=\"elementor-widget-container\">\n\t\t\t\t\t<div class=\"elementor-image-box-wrapper\"><div class=\"elementor-image-box-content\"><h2 class=\"elementor-image-box-title\">Atenci\u00f3n Personalizada y Experiencia de Compra<\/h2><p class=\"elementor-image-box-description\">En Ana Vellano Moda y Complementos, cada clienta es \u00fanica. Nos esforzamos por brindarte una experiencia de compra excepcional, desde recomendaciones personalizadas hasta procesos de cambio y devoluci\u00f3n sencillos. Nuestro equipo de atenci\u00f3n al cliente est\u00e1 siempre disponible para ayudarte, asegurando que cada compra supere tus expectativas. M\u00e1s que una tienda de ropa, somos una comunidad donde la moda y la satisfacci\u00f3n van de la mano.<\/p><\/div><\/div>\t\t\t\t<\/div>\n\t\t\t\t<\/div>\n\t\t\t\t<\/div>\n\t\t\t\t\t<\/div>\n\t\t\t\t<\/div>\n\t\t<div class=\"elementor-element elementor-element-0630b1e e-flex e-con-boxed e-con e-parent\" data-id=\"0630b1e\" data-element_type=\"container\">\n\t\t\t\t\t<div class=\"e-con-inner\">\n\t\t<div class=\"elementor-element elementor-element-8f65fb9 e-con-full e-flex e-con e-child\" data-id=\"8f65fb9\" data-element_type=\"container\">\n\t\t\t\t<div class=\"elementor-element elementor-element-005576a elementor-widget elementor-widget-heading\" data-id=\"005576a\" data-element_type=\"widget\" data-widget_type=\"heading.default\">\n\t\t\t\t<div class=\"elementor-widget-container\">\n\t\t\t\t\t<h2 class=\"elementor-heading-title elementor-size-default\">Moda Sostenible y Responsable<\/h2>\t\t\t\t<\/div>\n\t\t\t\t<\/div>\n\t\t\t\t<\/div>\n\t\t<div class=\"elementor-element elementor-element-85f2501 e-con-full e-flex e-con e-child\" data-id=\"85f2501\" data-element_type=\"container\">\n\t\t\t\t<div class=\"elementor-element elementor-element-748537b elementor-widget elementor-widget-image\" data-id=\"748537b\" data-element_type=\"widget\" data-widget_type=\"image.default\">\n\t\t\t\t<div class=\"elementor-widget-container\">\n\t\t\t\t\t\t\t\t\t\t\t\t\t\t\t<img decoding=\"async\" src=\"https:\/\/anavellano.com\/var\/www\/vhosts\/anavellano.comhttpdocs\/wp-content\/uploads\/elementor\/thumbs\/IMG-20250407-WA0014-r5tgnqcqjqojhj6atbradlfwwbwdb97g0v45a7dsls.jpg\" title=\"IMG-20250407-WA0014\" alt=\"IMG-20250407-WA0014\" loading=\"lazy\" \/>\t\t\t\t\t\t\t\t\t\t\t\t\t\t\t<\/div>\n\t\t\t\t<\/div>\n\t\t\t\t<\/div>\n\t\t<div class=\"elementor-element elementor-element-eead996 e-con-full e-flex e-con e-child\" data-id=\"eead996\" data-element_type=\"container\">\n\t\t\t\t<div class=\"elementor-element elementor-element-79fd198 elementor-widget elementor-widget-text-editor\" data-id=\"79fd198\" data-element_type=\"widget\" data-widget_type=\"text-editor.default\">\n\t\t\t\t<div class=\"elementor-widget-container\">\n\t\t\t\t\t\t\t\t\t<p data-start=\"1819\" data-end=\"2339\">Nos comprometemos con un futuro m\u00e1s sostenible en la moda. Por ello, en Ana Vellano Moda y Complementos apostamos por materiales ecol\u00f3gicos y procesos de fabricaci\u00f3n responsables. Trabajamos con proveedores que garantizan pr\u00e1cticas \u00e9ticas y sostenibles, minimizando nuestro impacto ambiental. Adem\u00e1s, utilizamos empaques reciclables para reducir nuestra huella ecol\u00f3gica. Cuando eliges Ana Vellano Moda y Complementos, eliges moda con conciencia, donde cada compra es un paso hacia un mundo m\u00e1s responsable y elegante.<\/p>\t\t\t\t\t\t\t\t<\/div>\n\t\t\t\t<\/div>\n\t\t\t\t<\/div>\n\t\t\t\t\t<\/div>\n\t\t\t\t<\/div>\n\t\t<div class=\"elementor-element elementor-element-85fad3b e-flex e-con-boxed e-con e-parent\" data-id=\"85fad3b\" data-element_type=\"container\" data-settings=\"{&quot;background_background&quot;:&quot;classic&quot;}\">\n\t\t\t\t\t<div class=\"e-con-inner\">\n\t\t<div class=\"elementor-element elementor-element-90b300b e-con-full e-flex e-con e-child\" data-id=\"90b300b\" data-element_type=\"container\">\n\t\t\t\t<div class=\"elementor-element elementor-element-dd8b7b9 elementor-widget elementor-widget-heading\" data-id=\"dd8b7b9\" data-element_type=\"widget\" data-widget_type=\"heading.default\">\n\t\t\t\t<div class=\"elementor-widget-container\">\n\t\t\t\t\t<h6 class=\"elementor-heading-title elementor-size-default\">Explore<\/h6>\t\t\t\t<\/div>\n\t\t\t\t<\/div>\n\t\t\t\t<div class=\"elementor-element elementor-element-f58aa97 elementor-widget elementor-widget-image-box\" data-id=\"f58aa97\" data-element_type=\"widget\" data-widget_type=\"image-box.default\">\n\t\t\t\t<div class=\"elementor-widget-container\">\n\t\t\t\t\t<div class=\"elementor-image-box-wrapper\"><div class=\"elementor-image-box-content\"><h2 class=\"elementor-image-box-title\">Renueva tu estilo con elegancia atemporal.<\/h2><p class=\"elementor-image-box-description\">Descubre nuestras colecciones y disfruta de la moda en su m\u00e1xima expresi\u00f3n. \u00a1Compra ahora y realza tu look con sofisticaci\u00f3n!<\/p><\/div><\/div>\t\t\t\t<\/div>\n\t\t\t\t<\/div>\n\t\t\t\t<div class=\"elementor-element elementor-element-09ee724 elementor-widget elementor-widget-button\" data-id=\"09ee724\" data-element_type=\"widget\" data-widget_type=\"button.default\">\n\t\t\t\t<div class=\"elementor-widget-container\">\n\t\t\t\t\t\t\t\t\t<div class=\"elementor-button-wrapper\">\n\t\t\t\t\t<a class=\"elementor-button elementor-button-link elementor-size-sm\" href=\"https:\/\/anavellano.com\/tienda\">\n\t\t\t\t\t\t<span class=\"elementor-button-content-wrapper\">\n\t\t\t\t\t\t\t\t\t<span class=\"elementor-button-text\">Compra Ahora<\/span>\n\t\t\t\t\t<\/span>\n\t\t\t\t\t<\/a>\n\t\t\t\t<\/div>\n\t\t\t\t\t\t\t\t<\/div>\n\t\t\t\t<\/div>\n\t\t\t\t<\/div>\n\t\t\t\t\t<\/div>\n\t\t\t\t<\/div>\n\t\t\t\t<\/div>\n\t\t","protected":false},"excerpt":{"rendered":"<p>Sobre Nosotros Moda sostenible y elegante en Pontevedra: El Nacimiento de Ana Vellano Moda y Complementos Nuestra Historia Ana Vellano Moda y Complementos naci\u00f3 con una misi\u00f3n clara: ofrecer a cada mujer una Moda sostenible y elegante en Pontevedra que refleje su esencia y personalidad. Inspirados en la elegancia y la versatilidad, hemos creado una [&hellip;]<\/p>\n","protected":false},"author":1,"featured_media":0,"parent":0,"menu_order":3,"comment_status":"closed","ping_status":"open","template":"","meta":{"footnotes":""},"class_list":["post-2014","page","type-page","status-publish","hentry"],"blocksy_meta":{"has_hero_section":"disabled","styles_descriptor":{"styles":{"desktop":"","tablet":"","mobile":""},"google_fonts":[],"version":6}},"yoast_head":"<!-- This site is optimized with the Yoast SEO plugin v25.1 - https:\/\/yoast.com\/wordpress\/plugins\/seo\/ -->\n<title>Moda sostenible y elegante en Pontevedra | Sobre nosotros<\/title>\n<meta name=\"description\" content=\"Ana Vellano ofrece Moda sostenible y elegante en Pontevedra con calidad y estilo atemporal. Descubre nuestra historia\" \/>\n<meta name=\"robots\" content=\"index, follow, max-snippet:-1, max-image-preview:large, max-video-preview:-1\" \/>\n<link rel=\"canonical\" href=\"https:\/\/anavellano.com\/var\/www\/vhosts\/anavellano.comhttpdocs\/moda-sostenible-elegante\/\" \/>\n<meta property=\"og:locale\" content=\"es_ES\" \/>\n<meta property=\"og:type\" content=\"article\" \/>\n<meta property=\"og:title\" content=\"Moda sostenible y elegante en Pontevedra | Sobre nosotros\" \/>\n<meta property=\"og:description\" content=\"Ana Vellano ofrece Moda sostenible y elegante en Pontevedra con calidad y estilo atemporal. Descubre nuestra historia\" \/>\n<meta property=\"og:url\" content=\"https:\/\/anavellano.com\/var\/www\/vhosts\/anavellano.comhttpdocs\/moda-sostenible-elegante\/\" \/>\n<meta property=\"og:site_name\" content=\"Ana vellano\" \/>\n<meta property=\"article:modified_time\" content=\"2025-09-05T22:41:05+00:00\" \/>\n<meta property=\"og:image\" content=\"https:\/\/anavellano.com\/var\/www\/vhosts\/anavellano.comhttpdocs\/wp-content\/uploads\/elementor\/thumbs\/IMG-20250407-WA0014-r5tgnqcqjqojhj6atbradlfwwbwdb97g0v458jug40.jpg\" \/>\n<meta name=\"twitter:card\" content=\"summary_large_image\" \/>\n<meta name=\"twitter:label1\" content=\"Tiempo de lectura\" \/>\n\t<meta name=\"twitter:data1\" content=\"2 minutos\" \/>\n<script type=\"application\/ld+json\" class=\"yoast-schema-graph\">{\"@context\":\"https:\/\/schema.org\",\"@graph\":[{\"@type\":\"WebPage\",\"@id\":\"https:\/\/anavellano.com\/var\/www\/vhosts\/anavellano.comhttpdocs\/moda-sostenible-elegante\/\",\"url\":\"https:\/\/anavellano.com\/var\/www\/vhosts\/anavellano.comhttpdocs\/moda-sostenible-elegante\/\",\"name\":\"Moda sostenible y elegante en Pontevedra | Sobre nosotros\",\"isPartOf\":{\"@id\":\"https:\/\/anavellano.com\/var\/www\/vhosts\/anavellano.comhttpdocs\/#website\"},\"primaryImageOfPage\":{\"@id\":\"https:\/\/anavellano.com\/var\/www\/vhosts\/anavellano.comhttpdocs\/moda-sostenible-elegante\/#primaryimage\"},\"image\":{\"@id\":\"https:\/\/anavellano.com\/var\/www\/vhosts\/anavellano.comhttpdocs\/moda-sostenible-elegante\/#primaryimage\"},\"thumbnailUrl\":\"https:\/\/anavellano.com\/var\/www\/vhosts\/anavellano.comhttpdocs\/wp-content\/uploads\/elementor\/thumbs\/IMG-20250407-WA0014-r5tgnqcqjqojhj6atbradlfwwbwdb97g0v458jug40.jpg\",\"datePublished\":\"2025-03-12T02:01:01+00:00\",\"dateModified\":\"2025-09-05T22:41:05+00:00\",\"description\":\"Ana Vellano ofrece Moda sostenible y elegante en Pontevedra con calidad y estilo atemporal. Descubre nuestra historia\",\"breadcrumb\":{\"@id\":\"https:\/\/anavellano.com\/var\/www\/vhosts\/anavellano.comhttpdocs\/moda-sostenible-elegante\/#breadcrumb\"},\"inLanguage\":\"es\",\"potentialAction\":[{\"@type\":\"ReadAction\",\"target\":[\"https:\/\/anavellano.com\/var\/www\/vhosts\/anavellano.comhttpdocs\/moda-sostenible-elegante\/\"]}]},{\"@type\":\"ImageObject\",\"inLanguage\":\"es\",\"@id\":\"https:\/\/anavellano.com\/var\/www\/vhosts\/anavellano.comhttpdocs\/moda-sostenible-elegante\/#primaryimage\",\"url\":\"https:\/\/anavellano.com\/var\/www\/vhosts\/anavellano.comhttpdocs\/wp-content\/uploads\/elementor\/thumbs\/IMG-20250407-WA0014-r5tgnqcqjqojhj6atbradlfwwbwdb97g0v458jug40.jpg\",\"contentUrl\":\"https:\/\/anavellano.com\/var\/www\/vhosts\/anavellano.comhttpdocs\/wp-content\/uploads\/elementor\/thumbs\/IMG-20250407-WA0014-r5tgnqcqjqojhj6atbradlfwwbwdb97g0v458jug40.jpg\"},{\"@type\":\"BreadcrumbList\",\"@id\":\"https:\/\/anavellano.com\/var\/www\/vhosts\/anavellano.comhttpdocs\/moda-sostenible-elegante\/#breadcrumb\",\"itemListElement\":[{\"@type\":\"ListItem\",\"position\":1,\"name\":\"Portada\",\"item\":\"https:\/\/anavellano.com\/var\/www\/vhosts\/anavellano.comhttpdocs\/\"},{\"@type\":\"ListItem\",\"position\":2,\"name\":\"Sobre Nosotros\"}]},{\"@type\":\"WebSite\",\"@id\":\"https:\/\/anavellano.com\/var\/www\/vhosts\/anavellano.comhttpdocs\/#website\",\"url\":\"https:\/\/anavellano.com\/var\/www\/vhosts\/anavellano.comhttpdocs\/\",\"name\":\"Ana vellano\",\"description\":\"Elevate Your Style, Embrace Your Elegance\",\"publisher\":{\"@id\":\"https:\/\/anavellano.com\/var\/www\/vhosts\/anavellano.comhttpdocs\/#organization\"},\"potentialAction\":[{\"@type\":\"SearchAction\",\"target\":{\"@type\":\"EntryPoint\",\"urlTemplate\":\"https:\/\/anavellano.com\/var\/www\/vhosts\/anavellano.comhttpdocs\/?s={search_term_string}\"},\"query-input\":{\"@type\":\"PropertyValueSpecification\",\"valueRequired\":true,\"valueName\":\"search_term_string\"}}],\"inLanguage\":\"es\"},{\"@type\":\"Organization\",\"@id\":\"https:\/\/anavellano.com\/var\/www\/vhosts\/anavellano.comhttpdocs\/#organization\",\"name\":\"Ana vellano\",\"url\":\"https:\/\/anavellano.com\/var\/www\/vhosts\/anavellano.comhttpdocs\/\",\"logo\":{\"@type\":\"ImageObject\",\"inLanguage\":\"es\",\"@id\":\"https:\/\/anavellano.com\/var\/www\/vhosts\/anavellano.comhttpdocs\/#\/schema\/logo\/image\/\",\"url\":\"https:\/\/anavellano.com\/var\/www\/vhosts\/anavellano.comhttpdocs\/wp-content\/uploads\/2025\/03\/black-beige-minimalist-simple-modern-typography-vanilla-cosmetics-logo-4-removebg-preview-1-67d0f9647ef7d.webp\",\"contentUrl\":\"https:\/\/anavellano.com\/var\/www\/vhosts\/anavellano.comhttpdocs\/wp-content\/uploads\/2025\/03\/black-beige-minimalist-simple-modern-typography-vanilla-cosmetics-logo-4-removebg-preview-1-67d0f9647ef7d.webp\",\"width\":758,\"height\":160,\"caption\":\"Ana vellano\"},\"image\":{\"@id\":\"https:\/\/anavellano.com\/var\/www\/vhosts\/anavellano.comhttpdocs\/#\/schema\/logo\/image\/\"}}]}<\/script>\n<!-- \/ Yoast SEO plugin. -->","yoast_head_json":{"title":"Moda sostenible y elegante en Pontevedra | Sobre nosotros","description":"Ana Vellano ofrece Moda sostenible y elegante en Pontevedra con calidad y estilo atemporal. Descubre nuestra historia","robots":{"index":"index","follow":"follow","max-snippet":"max-snippet:-1","max-image-preview":"max-image-preview:large","max-video-preview":"max-video-preview:-1"},"canonical":"https:\/\/anavellano.com\/var\/www\/vhosts\/anavellano.comhttpdocs\/moda-sostenible-elegante\/","og_locale":"es_ES","og_type":"article","og_title":"Moda sostenible y elegante en Pontevedra | Sobre nosotros","og_description":"Ana Vellano ofrece Moda sostenible y elegante en Pontevedra con calidad y estilo atemporal. Descubre nuestra historia","og_url":"https:\/\/anavellano.com\/var\/www\/vhosts\/anavellano.comhttpdocs\/moda-sostenible-elegante\/","og_site_name":"Ana vellano","article_modified_time":"2025-09-05T22:41:05+00:00","og_image":[{"url":"https:\/\/anavellano.com\/var\/www\/vhosts\/anavellano.comhttpdocs\/wp-content\/uploads\/elementor\/thumbs\/IMG-20250407-WA0014-r5tgnqcqjqojhj6atbradlfwwbwdb97g0v458jug40.jpg","type":"","width":"","height":""}],"twitter_card":"summary_large_image","twitter_misc":{"Tiempo de lectura":"2 minutos"},"schema":{"@context":"https:\/\/schema.org","@graph":[{"@type":"WebPage","@id":"https:\/\/anavellano.com\/var\/www\/vhosts\/anavellano.comhttpdocs\/moda-sostenible-elegante\/","url":"https:\/\/anavellano.com\/var\/www\/vhosts\/anavellano.comhttpdocs\/moda-sostenible-elegante\/","name":"Moda sostenible y elegante en Pontevedra | Sobre nosotros","isPartOf":{"@id":"https:\/\/anavellano.com\/var\/www\/vhosts\/anavellano.comhttpdocs\/#website"},"primaryImageOfPage":{"@id":"https:\/\/anavellano.com\/var\/www\/vhosts\/anavellano.comhttpdocs\/moda-sostenible-elegante\/#primaryimage"},"image":{"@id":"https:\/\/anavellano.com\/var\/www\/vhosts\/anavellano.comhttpdocs\/moda-sostenible-elegante\/#primaryimage"},"thumbnailUrl":"https:\/\/anavellano.com\/var\/www\/vhosts\/anavellano.comhttpdocs\/wp-content\/uploads\/elementor\/thumbs\/IMG-20250407-WA0014-r5tgnqcqjqojhj6atbradlfwwbwdb97g0v458jug40.jpg","datePublished":"2025-03-12T02:01:01+00:00","dateModified":"2025-09-05T22:41:05+00:00","description":"Ana Vellano ofrece Moda sostenible y elegante en Pontevedra con calidad y estilo atemporal. Descubre nuestra historia","breadcrumb":{"@id":"https:\/\/anavellano.com\/var\/www\/vhosts\/anavellano.comhttpdocs\/moda-sostenible-elegante\/#breadcrumb"},"inLanguage":"es","potentialAction":[{"@type":"ReadAction","target":["https:\/\/anavellano.com\/var\/www\/vhosts\/anavellano.comhttpdocs\/moda-sostenible-elegante\/"]}]},{"@type":"ImageObject","inLanguage":"es","@id":"https:\/\/anavellano.com\/var\/www\/vhosts\/anavellano.comhttpdocs\/moda-sostenible-elegante\/#primaryimage","url":"https:\/\/anavellano.com\/var\/www\/vhosts\/anavellano.comhttpdocs\/wp-content\/uploads\/elementor\/thumbs\/IMG-20250407-WA0014-r5tgnqcqjqojhj6atbradlfwwbwdb97g0v458jug40.jpg","contentUrl":"https:\/\/anavellano.com\/var\/www\/vhosts\/anavellano.comhttpdocs\/wp-content\/uploads\/elementor\/thumbs\/IMG-20250407-WA0014-r5tgnqcqjqojhj6atbradlfwwbwdb97g0v458jug40.jpg"},{"@type":"BreadcrumbList","@id":"https:\/\/anavellano.com\/var\/www\/vhosts\/anavellano.comhttpdocs\/moda-sostenible-elegante\/#breadcrumb","itemListElement":[{"@type":"ListItem","position":1,"name":"Portada","item":"https:\/\/anavellano.com\/var\/www\/vhosts\/anavellano.comhttpdocs\/"},{"@type":"ListItem","position":2,"name":"Sobre Nosotros"}]},{"@type":"WebSite","@id":"https:\/\/anavellano.com\/var\/www\/vhosts\/anavellano.comhttpdocs\/#website","url":"https:\/\/anavellano.com\/var\/www\/vhosts\/anavellano.comhttpdocs\/","name":"Ana vellano","description":"Elevate Your Style, Embrace Your Elegance","publisher":{"@id":"https:\/\/anavellano.com\/var\/www\/vhosts\/anavellano.comhttpdocs\/#organization"},"potentialAction":[{"@type":"SearchAction","target":{"@type":"EntryPoint","urlTemplate":"https:\/\/anavellano.com\/var\/www\/vhosts\/anavellano.comhttpdocs\/?s={search_term_string}"},"query-input":{"@type":"PropertyValueSpecification","valueRequired":true,"valueName":"search_term_string"}}],"inLanguage":"es"},{"@type":"Organization","@id":"https:\/\/anavellano.com\/var\/www\/vhosts\/anavellano.comhttpdocs\/#organization","name":"Ana vellano","url":"https:\/\/anavellano.com\/var\/www\/vhosts\/anavellano.comhttpdocs\/","logo":{"@type":"ImageObject","inLanguage":"es","@id":"https:\/\/anavellano.com\/var\/www\/vhosts\/anavellano.comhttpdocs\/#\/schema\/logo\/image\/","url":"https:\/\/anavellano.com\/var\/www\/vhosts\/anavellano.comhttpdocs\/wp-content\/uploads\/2025\/03\/black-beige-minimalist-simple-modern-typography-vanilla-cosmetics-logo-4-removebg-preview-1-67d0f9647ef7d.webp","contentUrl":"https:\/\/anavellano.com\/var\/www\/vhosts\/anavellano.comhttpdocs\/wp-content\/uploads\/2025\/03\/black-beige-minimalist-simple-modern-typography-vanilla-cosmetics-logo-4-removebg-preview-1-67d0f9647ef7d.webp","width":758,"height":160,"caption":"Ana vellano"},"image":{"@id":"https:\/\/anavellano.com\/var\/www\/vhosts\/anavellano.comhttpdocs\/#\/schema\/logo\/image\/"}}]}},"_links":{"self":[{"href":"https:\/\/anavellano.com\/var\/www\/vhosts\/anavellano.comhttpdocs\/wp-json\/wp\/v2\/pages\/2014","targetHints":{"allow":["GET"]}}],"collection":[{"href":"https:\/\/anavellano.com\/var\/www\/vhosts\/anavellano.comhttpdocs\/wp-json\/wp\/v2\/pages"}],"about":[{"href":"https:\/\/anavellano.com\/var\/www\/vhosts\/anavellano.comhttpdocs\/wp-json\/wp\/v2\/types\/page"}],"author":[{"embeddable":true,"href":"https:\/\/anavellano.com\/var\/www\/vhosts\/anavellano.comhttpdocs\/wp-json\/wp\/v2\/users\/1"}],"replies":[{"embeddable":true,"href":"https:\/\/anavellano.com\/var\/www\/vhosts\/anavellano.comhttpdocs\/wp-json\/wp\/v2\/comments?post=2014"}],"version-history":[{"count":32,"href":"https:\/\/anavellano.com\/var\/www\/vhosts\/anavellano.comhttpdocs\/wp-json\/wp\/v2\/pages\/2014\/revisions"}],"predecessor-version":[{"id":2390,"href":"https:\/\/anavellano.com\/var\/www\/vhosts\/anavellano.comhttpdocs\/wp-json\/wp\/v2\/pages\/2014\/revisions\/2390"}],"wp:attachment":[{"href":"https:\/\/anavellano.com\/var\/www\/vhosts\/anavellano.comhttpdocs\/wp-json\/wp\/v2\/media?parent=2014"}],"curies":[{"name":"wp","href":"https:\/\/api.w.org\/{rel}","templated":true}]}}