{"id":2185,"date":"2025-05-07T13:54:41","date_gmt":"2025-05-07T13:54:41","guid":{"rendered":"https:\/\/anavellano.com\/var\/www\/vhosts\/anavellano.comhttpdocs\/?page_id=2185"},"modified":"2025-07-05T23:27:56","modified_gmt":"2025-07-05T23:27:56","slug":"envio-entrega-y-devoluciones","status":"publish","type":"page","link":"https:\/\/anavellano.com\/var\/www\/vhosts\/anavellano.comhttpdocs\/envio-entrega-y-devoluciones\/","title":{"rendered":"Env\u00edo, Entrega y Devoluciones"},"content":{"rendered":"\t\t<div data-elementor-type=\"wp-page\" data-elementor-id=\"2185\" class=\"elementor elementor-2185\" data-elementor-post-type=\"page\">\n\t\t\t\t<div class=\"elementor-element elementor-element-14ddfef e-con-full e-flex e-con e-parent\" data-id=\"14ddfef\" data-element_type=\"container\">\n\t\t<div class=\"elementor-element elementor-element-bb1604b e-con-full e-flex e-con e-child\" data-id=\"bb1604b\" data-element_type=\"container\" data-settings=\"{&quot;background_background&quot;:&quot;classic&quot;}\">\n\t\t<div class=\"elementor-element elementor-element-a9dc816 e-con-full e-flex e-con e-child\" data-id=\"a9dc816\" data-element_type=\"container\">\n\t\t\t\t<\/div>\n\t\t\t\t<\/div>\n\t\t\t\t<div class=\"elementor-element elementor-element-895785c elementor-widget elementor-widget-text-editor\" data-id=\"895785c\" data-element_type=\"widget\" data-widget_type=\"text-editor.default\">\n\t\t\t\t<div class=\"elementor-widget-container\">\n\t\t\t\t\t\t\t\t\t<h4><strong>GASTOS DE ENV\u00cdO<\/strong><\/h4><p>GRATUITOS en pedidos de importe superior a 60 \u20ac a Espa\u00f1a<\/p>\t\t\t\t\t\t\t\t<\/div>\n\t\t\t\t<\/div>\n\t\t\t\t<\/div>\n\t\t<div class=\"elementor-element elementor-element-1a33f57 e-flex e-con-boxed e-con e-parent\" data-id=\"1a33f57\" data-element_type=\"container\">\n\t\t\t\t\t<div class=\"e-con-inner\">\n\t\t\t\t<div class=\"elementor-element elementor-element-6a3f54b elementor-widget elementor-widget-text-editor\" data-id=\"6a3f54b\" data-element_type=\"widget\" data-widget_type=\"text-editor.default\">\n\t\t\t\t<div class=\"elementor-widget-container\">\n\t\t\t\t\t\t\t\t\t<h4><strong>DEVOLUCIONES<\/strong><\/h4><p>El plazo de devoluci\u00f3n es de 14 d\u00edas naturales contados desde la fecha de recepci\u00f3n.<\/p><p align=\"JUSTIFY\">No se admiten devoluciones de art\u00edculos de fiesta, bisuter\u00eda, los que se encuentren sin sus correspondientes precintos o etiquetas o hayan sido usados.<\/p><p align=\"JUSTIFY\">Para realizar la devoluci\u00f3n se comunicar\u00e1 previamente mediante e-mail a la direcci\u00f3n <a href=\"mailto:info@anavellano.es\">info@anavellano.es, <\/a>indicando: nombre, n\u00ba de pedido, tel\u00e9fono,motivo de la devoluci\u00f3n y forma de pago.<\/p><p align=\"JUSTIFY\">Los gastos de devoluci\u00f3n correr\u00e1n por cuenta del comprador excepto si el art\u00edculo es defectuoso o no corresponde con lo solicitado.<\/p>\t\t\t\t\t\t\t\t<\/div>\n\t\t\t\t<\/div>\n\t\t\t\t\t<\/div>\n\t\t\t\t<\/div>\n\t\t\t\t<\/div>\n\t\t","protected":false},"excerpt":{"rendered":"<p>GASTOS DE ENV\u00cdO GRATUITOS en pedidos de importe superior a 60 \u20ac a Espa\u00f1a DEVOLUCIONES El plazo de devoluci\u00f3n es de 14 d\u00edas naturales contados desde la fecha de recepci\u00f3n. No se admiten devoluciones de art\u00edculos de fiesta, bisuter\u00eda, los que se encuentren sin sus correspondientes precintos o etiquetas o hayan sido usados. Para realizar [&hellip;]<\/p>\n","protected":false},"author":1,"featured_media":0,"parent":0,"menu_order":0,"comment_status":"closed","ping_status":"open","template":"","meta":{"footnotes":""},"class_list":["post-2185","page","type-page","status-publish","hentry"],"blocksy_meta":[],"yoast_head":"<!-- This site is optimized with the Yoast SEO plugin v25.1 - https:\/\/yoast.com\/wordpress\/plugins\/seo\/ -->\n<title>Env\u00edo, Entrega y Devoluciones - Ana vellano<\/title>\n<meta name=\"robots\" content=\"noindex, nofollow\" \/>\n<meta property=\"og:locale\" content=\"es_ES\" \/>\n<meta property=\"og:type\" content=\"article\" \/>\n<meta property=\"og:title\" content=\"Env\u00edo, Entrega y Devoluciones - Ana vellano\" \/>\n<meta property=\"og:description\" content=\"GASTOS DE ENV\u00cdO GRATUITOS en pedidos de importe superior a 60 \u20ac a Espa\u00f1a DEVOLUCIONES El plazo de devoluci\u00f3n es de 14 d\u00edas naturales contados desde la fecha de recepci\u00f3n. No se admiten devoluciones de art\u00edculos de fiesta, bisuter\u00eda, los que se encuentren sin sus correspondientes precintos o etiquetas o hayan sido usados. Para realizar [&hellip;]\" \/>\n<meta property=\"og:url\" content=\"https:\/\/anavellano.com\/var\/www\/vhosts\/anavellano.comhttpdocs\/envio-entrega-y-devoluciones\/\" \/>\n<meta property=\"og:site_name\" content=\"Ana vellano\" \/>\n<meta property=\"article:modified_time\" content=\"2025-07-05T23:27:56+00:00\" \/>\n<meta name=\"twitter:card\" content=\"summary_large_image\" \/>\n<meta name=\"twitter:label1\" content=\"Tiempo de lectura\" \/>\n\t<meta name=\"twitter:data1\" content=\"1 minuto\" \/>\n<script type=\"application\/ld+json\" class=\"yoast-schema-graph\">{\"@context\":\"https:\/\/schema.org\",\"@graph\":[{\"@type\":\"WebPage\",\"@id\":\"https:\/\/anavellano.com\/var\/www\/vhosts\/anavellano.comhttpdocs\/envio-entrega-y-devoluciones\/\",\"url\":\"https:\/\/anavellano.com\/var\/www\/vhosts\/anavellano.comhttpdocs\/envio-entrega-y-devoluciones\/\",\"name\":\"Env\u00edo, Entrega y Devoluciones - Ana vellano\",\"isPartOf\":{\"@id\":\"https:\/\/anavellano.com\/var\/www\/vhosts\/anavellano.comhttpdocs\/#website\"},\"datePublished\":\"2025-05-07T13:54:41+00:00\",\"dateModified\":\"2025-07-05T23:27:56+00:00\",\"breadcrumb\":{\"@id\":\"https:\/\/anavellano.com\/var\/www\/vhosts\/anavellano.comhttpdocs\/envio-entrega-y-devoluciones\/#breadcrumb\"},\"inLanguage\":\"es\",\"potentialAction\":[{\"@type\":\"ReadAction\",\"target\":[\"https:\/\/anavellano.com\/var\/www\/vhosts\/anavellano.comhttpdocs\/envio-entrega-y-devoluciones\/\"]}]},{\"@type\":\"BreadcrumbList\",\"@id\":\"https:\/\/anavellano.com\/var\/www\/vhosts\/anavellano.comhttpdocs\/envio-entrega-y-devoluciones\/#breadcrumb\",\"itemListElement\":[{\"@type\":\"ListItem\",\"position\":1,\"name\":\"Portada\",\"item\":\"https:\/\/anavellano.com\/var\/www\/vhosts\/anavellano.comhttpdocs\/\"},{\"@type\":\"ListItem\",\"position\":2,\"name\":\"Env\u00edo, Entrega y Devoluciones\"}]},{\"@type\":\"WebSite\",\"@id\":\"https:\/\/anavellano.com\/var\/www\/vhosts\/anavellano.comhttpdocs\/#website\",\"url\":\"https:\/\/anavellano.com\/var\/www\/vhosts\/anavellano.comhttpdocs\/\",\"name\":\"Ana vellano\",\"description\":\"Elevate Your Style, Embrace Your Elegance\",\"publisher\":{\"@id\":\"https:\/\/anavellano.com\/var\/www\/vhosts\/anavellano.comhttpdocs\/#organization\"},\"potentialAction\":[{\"@type\":\"SearchAction\",\"target\":{\"@type\":\"EntryPoint\",\"urlTemplate\":\"https:\/\/anavellano.com\/var\/www\/vhosts\/anavellano.comhttpdocs\/?s={search_term_string}\"},\"query-input\":{\"@type\":\"PropertyValueSpecification\",\"valueRequired\":true,\"valueName\":\"search_term_string\"}}],\"inLanguage\":\"es\"},{\"@type\":\"Organization\",\"@id\":\"https:\/\/anavellano.com\/var\/www\/vhosts\/anavellano.comhttpdocs\/#organization\",\"name\":\"Ana vellano\",\"url\":\"https:\/\/anavellano.com\/var\/www\/vhosts\/anavellano.comhttpdocs\/\",\"logo\":{\"@type\":\"ImageObject\",\"inLanguage\":\"es\",\"@id\":\"https:\/\/anavellano.com\/var\/www\/vhosts\/anavellano.comhttpdocs\/#\/schema\/logo\/image\/\",\"url\":\"https:\/\/anavellano.com\/var\/www\/vhosts\/anavellano.comhttpdocs\/wp-content\/uploads\/2025\/03\/black-beige-minimalist-simple-modern-typography-vanilla-cosmetics-logo-4-removebg-preview-1-67d0f9647ef7d.webp\",\"contentUrl\":\"https:\/\/anavellano.com\/var\/www\/vhosts\/anavellano.comhttpdocs\/wp-content\/uploads\/2025\/03\/black-beige-minimalist-simple-modern-typography-vanilla-cosmetics-logo-4-removebg-preview-1-67d0f9647ef7d.webp\",\"width\":758,\"height\":160,\"caption\":\"Ana vellano\"},\"image\":{\"@id\":\"https:\/\/anavellano.com\/var\/www\/vhosts\/anavellano.comhttpdocs\/#\/schema\/logo\/image\/\"}}]}<\/script>\n<!-- \/ Yoast SEO plugin. -->","yoast_head_json":{"title":"Env\u00edo, Entrega y Devoluciones - Ana vellano","robots":{"index":"noindex","follow":"nofollow"},"og_locale":"es_ES","og_type":"article","og_title":"Env\u00edo, Entrega y Devoluciones - Ana vellano","og_description":"GASTOS DE ENV\u00cdO GRATUITOS en pedidos de importe superior a 60 \u20ac a Espa\u00f1a DEVOLUCIONES El plazo de devoluci\u00f3n es de 14 d\u00edas naturales contados desde la fecha de recepci\u00f3n. No se admiten devoluciones de art\u00edculos de fiesta, bisuter\u00eda, los que se encuentren sin sus correspondientes precintos o etiquetas o hayan sido usados. Para realizar [&hellip;]","og_url":"https:\/\/anavellano.com\/var\/www\/vhosts\/anavellano.comhttpdocs\/envio-entrega-y-devoluciones\/","og_site_name":"Ana vellano","article_modified_time":"2025-07-05T23:27:56+00:00","twitter_card":"summary_large_image","twitter_misc":{"Tiempo de lectura":"1 minuto"},"schema":{"@context":"https:\/\/schema.org","@graph":[{"@type":"WebPage","@id":"https:\/\/anavellano.com\/var\/www\/vhosts\/anavellano.comhttpdocs\/envio-entrega-y-devoluciones\/","url":"https:\/\/anavellano.com\/var\/www\/vhosts\/anavellano.comhttpdocs\/envio-entrega-y-devoluciones\/","name":"Env\u00edo, Entrega y Devoluciones - Ana vellano","isPartOf":{"@id":"https:\/\/anavellano.com\/var\/www\/vhosts\/anavellano.comhttpdocs\/#website"},"datePublished":"2025-05-07T13:54:41+00:00","dateModified":"2025-07-05T23:27:56+00:00","breadcrumb":{"@id":"https:\/\/anavellano.com\/var\/www\/vhosts\/anavellano.comhttpdocs\/envio-entrega-y-devoluciones\/#breadcrumb"},"inLanguage":"es","potentialAction":[{"@type":"ReadAction","target":["https:\/\/anavellano.com\/var\/www\/vhosts\/anavellano.comhttpdocs\/envio-entrega-y-devoluciones\/"]}]},{"@type":"BreadcrumbList","@id":"https:\/\/anavellano.com\/var\/www\/vhosts\/anavellano.comhttpdocs\/envio-entrega-y-devoluciones\/#breadcrumb","itemListElement":[{"@type":"ListItem","position":1,"name":"Portada","item":"https:\/\/anavellano.com\/var\/www\/vhosts\/anavellano.comhttpdocs\/"},{"@type":"ListItem","position":2,"name":"Env\u00edo, Entrega y Devoluciones"}]},{"@type":"WebSite","@id":"https:\/\/anavellano.com\/var\/www\/vhosts\/anavellano.comhttpdocs\/#website","url":"https:\/\/anavellano.com\/var\/www\/vhosts\/anavellano.comhttpdocs\/","name":"Ana vellano","description":"Elevate Your Style, Embrace Your Elegance","publisher":{"@id":"https:\/\/anavellano.com\/var\/www\/vhosts\/anavellano.comhttpdocs\/#organization"},"potentialAction":[{"@type":"SearchAction","target":{"@type":"EntryPoint","urlTemplate":"https:\/\/anavellano.com\/var\/www\/vhosts\/anavellano.comhttpdocs\/?s={search_term_string}"},"query-input":{"@type":"PropertyValueSpecification","valueRequired":true,"valueName":"search_term_string"}}],"inLanguage":"es"},{"@type":"Organization","@id":"https:\/\/anavellano.com\/var\/www\/vhosts\/anavellano.comhttpdocs\/#organization","name":"Ana vellano","url":"https:\/\/anavellano.com\/var\/www\/vhosts\/anavellano.comhttpdocs\/","logo":{"@type":"ImageObject","inLanguage":"es","@id":"https:\/\/anavellano.com\/var\/www\/vhosts\/anavellano.comhttpdocs\/#\/schema\/logo\/image\/","url":"https:\/\/anavellano.com\/var\/www\/vhosts\/anavellano.comhttpdocs\/wp-content\/uploads\/2025\/03\/black-beige-minimalist-simple-modern-typography-vanilla-cosmetics-logo-4-removebg-preview-1-67d0f9647ef7d.webp","contentUrl":"https:\/\/anavellano.com\/var\/www\/vhosts\/anavellano.comhttpdocs\/wp-content\/uploads\/2025\/03\/black-beige-minimalist-simple-modern-typography-vanilla-cosmetics-logo-4-removebg-preview-1-67d0f9647ef7d.webp","width":758,"height":160,"caption":"Ana vellano"},"image":{"@id":"https:\/\/anavellano.com\/var\/www\/vhosts\/anavellano.comhttpdocs\/#\/schema\/logo\/image\/"}}]}},"_links":{"self":[{"href":"https:\/\/anavellano.com\/var\/www\/vhosts\/anavellano.comhttpdocs\/wp-json\/wp\/v2\/pages\/2185","targetHints":{"allow":["GET"]}}],"collection":[{"href":"https:\/\/anavellano.com\/var\/www\/vhosts\/anavellano.comhttpdocs\/wp-json\/wp\/v2\/pages"}],"about":[{"href":"https:\/\/anavellano.com\/var\/www\/vhosts\/anavellano.comhttpdocs\/wp-json\/wp\/v2\/types\/page"}],"author":[{"embeddable":true,"href":"https:\/\/anavellano.com\/var\/www\/vhosts\/anavellano.comhttpdocs\/wp-json\/wp\/v2\/users\/1"}],"replies":[{"embeddable":true,"href":"https:\/\/anavellano.com\/var\/www\/vhosts\/anavellano.comhttpdocs\/wp-json\/wp\/v2\/comments?post=2185"}],"version-history":[{"count":31,"href":"https:\/\/anavellano.com\/var\/www\/vhosts\/anavellano.comhttpdocs\/wp-json\/wp\/v2\/pages\/2185\/revisions"}],"predecessor-version":[{"id":2340,"href":"https:\/\/anavellano.com\/var\/www\/vhosts\/anavellano.comhttpdocs\/wp-json\/wp\/v2\/pages\/2185\/revisions\/2340"}],"wp:attachment":[{"href":"https:\/\/anavellano.com\/var\/www\/vhosts\/anavellano.comhttpdocs\/wp-json\/wp\/v2\/media?parent=2185"}],"curies":[{"name":"wp","href":"https:\/\/api.w.org\/{rel}","templated":true}]}}